{"id":408,"date":"2020-12-03T22:08:41","date_gmt":"2020-12-04T02:08:41","guid":{"rendered":"https:\/\/www.elrincondepedroyarmando.com\/?page_id=408"},"modified":"2020-12-05T13:50:01","modified_gmt":"2020-12-05T17:50:01","slug":"pedro-vicente-garnica-prato","status":"publish","type":"page","link":"https:\/\/www.elrincondepedroyarmando.com\/index.php\/pedro-vicente-garnica-prato\/","title":{"rendered":"Pedro Garnica"},"content":{"rendered":"\n<p class=\"has-text-align-center\">Pedro Vicente Garnica Prato<\/p>\n\n\n\n<div class=\"wp-block-image is-style-rounded\"><figure class=\"alignright size-large is-resized\"><img loading=\"lazy\" decoding=\"async\" src=\"https:\/\/www.elrincondepedroyarmando.com\/wp-content\/uploads\/2020\/12\/pedro.jpg\" alt=\"\" class=\"wp-image-446\" width=\"190\" height=\"259\" srcset=\"https:\/\/www.elrincondepedroyarmando.com\/wp-content\/uploads\/2020\/12\/pedro.jpg 443w, https:\/\/www.elrincondepedroyarmando.com\/wp-content\/uploads\/2020\/12\/pedro-220x300.jpg 220w\" sizes=\"(max-width: 190px) 100vw, 190px\" \/><figcaption>Pedro Vicente Garnica Prato<\/figcaption><\/figure><\/div>\n\n\n\n<p>Pedro Vicente Garnica Prato, natural de San Antonio del Tachira, residente de San Crist\u00f3bal, Estado T\u00e1chira, realizo estudios en la carrera de Educaci\u00f3n Rural, graduado:<\/p>\n\n\n\n<p>Realizo estudio de educaci\u00f3n rural en el estado Aragua centro de entrenamiento el MACARO<\/p>\n\n\n\n<ul><li>Egresando como Maestro<\/li><li>Docente normalista, escuela normal J.A Rom\u00e1n Valecillos.<\/li><li>Profesor&nbsp; de educaci\u00f3n rural egresado de la universidad pedag\u00f3gica libertador,<\/li><li>Licenciado en educaci\u00f3n rural<\/li><\/ul>\n\n\n\n<p>Realizo trabajos en diferentes ocupaciones en diferentes &nbsp;partes del estado, Fue profesor en escuelas rurales del estado: La Grita, Palmira, Colon entre otros<\/p>\n\n\n\n<p>&nbsp;Realizo curso de superaci\u00f3n ascendiendo al cargo de Director de&nbsp; n\u00facleos escolares rurales.<\/p>\n\n\n\n<p>Culminando su actuaci\u00f3n profesional como Director del N\u00facleo Escolar Rural 141 con sede en el municipio Libertad capacho, siendo jubilado en el a\u00f1o 2003.<\/p>\n","protected":false},"excerpt":{"rendered":"<p>Pedro Vicente Garnica Prato Pedro Vicente Garnica Prato, natural de San Antonio del Tachira, residente de San Crist\u00f3bal, Estado T\u00e1chira, realizo estudios en la carrera de Educaci\u00f3n Rural, graduado: Realizo estudio de educaci\u00f3n rural en el estado Aragua centro de&#8230; <a class=\"more-link\" href=\"https:\/\/www.elrincondepedroyarmando.com\/index.php\/pedro-vicente-garnica-prato\/\">Seguir leyendo &rarr;<\/a><\/p>\n","protected":false},"author":1,"featured_media":0,"parent":0,"menu_order":0,"comment_status":"closed","ping_status":"closed","template":"","meta":{"footnotes":""},"_links":{"self":[{"href":"https:\/\/www.elrincondepedroyarmando.com\/index.php\/wp-json\/wp\/v2\/pages\/408"}],"collection":[{"href":"https:\/\/www.elrincondepedroyarmando.com\/index.php\/wp-json\/wp\/v2\/pages"}],"about":[{"href":"https:\/\/www.elrincondepedroyarmando.com\/index.php\/wp-json\/wp\/v2\/types\/page"}],"author":[{"embeddable":true,"href":"https:\/\/www.elrincondepedroyarmando.com\/index.php\/wp-json\/wp\/v2\/users\/1"}],"replies":[{"embeddable":true,"href":"https:\/\/www.elrincondepedroyarmando.com\/index.php\/wp-json\/wp\/v2\/comments?post=408"}],"version-history":[{"count":3,"href":"https:\/\/www.elrincondepedroyarmando.com\/index.php\/wp-json\/wp\/v2\/pages\/408\/revisions"}],"predecessor-version":[{"id":447,"href":"https:\/\/www.elrincondepedroyarmando.com\/index.php\/wp-json\/wp\/v2\/pages\/408\/revisions\/447"}],"wp:attachment":[{"href":"https:\/\/www.elrincondepedroyarmando.com\/index.php\/wp-json\/wp\/v2\/media?parent=408"}],"curies":[{"name":"wp","href":"https:\/\/api.w.org\/{rel}","templated":true}]}}